{"id":704,"date":"2023-08-21T07:15:45","date_gmt":"2023-08-21T07:15:45","guid":{"rendered":"https:\/\/technowebstore.com\/bionilab-wordpress\/?page_id=704"},"modified":"2023-08-21T07:15:45","modified_gmt":"2023-08-21T07:15:45","slug":"services","status":"publish","type":"page","link":"https:\/\/loklab.pc-chirurg.de\/index.php\/services\/","title":{"rendered":"Services"},"content":{"rendered":"\t\t<div data-elementor-type=\"wp-page\" data-elementor-id=\"704\" class=\"elementor elementor-704\" data-elementor-post-type=\"page\">\n\t\t\t\t\t\t<section class=\"has_eae_slider elementor-section elementor-top-section elementor-element elementor-element-0003585 elementor-section-boxed elementor-section-height-default elementor-section-height-default\" data-eae-slider=\"80197\" data-id=\"0003585\" data-element_type=\"section\" data-settings=\"{&quot;background_background&quot;:&quot;classic&quot;}\">\n\t\t\t\t\t\t\t<div class=\"elementor-background-overlay\"><\/div>\n\t\t\t\t\t\t\t<div class=\"elementor-container elementor-column-gap-default\">\n\t\t\t\t\t<div class=\"has_eae_slider elementor-column elementor-col-100 elementor-top-column elementor-element elementor-element-ab537eb\" data-eae-slider=\"48530\" data-id=\"ab537eb\" data-element_type=\"column\">\n\t\t\t<div class=\"elementor-widget-wrap elementor-element-populated\">\n\t\t\t\t\t\t<section class=\"has_eae_slider elementor-section elementor-inner-section elementor-element elementor-element-090cad4 elementor-section-boxed elementor-section-height-default elementor-section-height-default\" data-eae-slider=\"46341\" data-id=\"090cad4\" data-element_type=\"section\">\n\t\t\t\t\t\t<div class=\"elementor-container elementor-column-gap-default\">\n\t\t\t\t\t<div class=\"has_eae_slider elementor-column elementor-col-100 elementor-inner-column elementor-element elementor-element-98fd307\" data-eae-slider=\"68023\" data-id=\"98fd307\" data-element_type=\"column\">\n\t\t\t<div class=\"elementor-widget-wrap elementor-element-populated\">\n\t\t\t\t\t\t<div class=\"elementor-element elementor-element-c597e4a elementor-widget elementor-widget-page-title\" data-id=\"c597e4a\" data-element_type=\"widget\" data-settings=\"{&quot;align&quot;:&quot;center&quot;}\" data-widget_type=\"page-title.default\">\n\t\t\t\t<div class=\"elementor-widget-container\">\n\t\t\t\t\t\t\t\n\t\t<div class=\"hfe-page-title hfe-page-title-wrapper elementor-widget-heading\">\n\n\t\t\t\t\t\t\t\t\t\t\t<a href=\"https:\/\/loklab.pc-chirurg.de\">\n\t\t\t\t\t\t<h2 class=\"elementor-heading-title elementor-size-default\">\n\t\t\t\t\t\t\t\t\n\t\t\t\tServices  \n\t\t\t<\/h2 > \n\t\t\t\t\t\t\t\t\t<\/a>\n\t\t\t\t\t<\/div>\n\t\t\t\t\t\t<\/div>\n\t\t\t\t<\/div>\n\t\t\t\t<div class=\"elementor-element elementor-element-fc20534 elementor-widget__width-auto elementor-widget elementor-widget-html\" data-id=\"fc20534\" data-element_type=\"widget\" data-widget_type=\"html.default\">\n\t\t\t\t<div class=\"elementor-widget-container\">\n\t\t\t\t\t<div class=\"breadcrumb-link\">\r\n    <span>\r\n<a href=\"https:\/\/technowebstore.com\/locklab-wordpress\/\">\r\nHome\r\n<\/a>\r\n<\/span>\r\n<span class=\"currentm\">Services      <\/span>\r\n<\/div>\t\t\t\t<\/div>\n\t\t\t\t<\/div>\n\t\t\t\t\t<\/div>\n\t\t<\/div>\n\t\t\t\t\t<\/div>\n\t\t<\/section>\n\t\t\t\t\t<\/div>\n\t\t<\/div>\n\t\t\t\t\t<\/div>\n\t\t<\/section>\n\t\t\t\t<section class=\"has_eae_slider elementor-section elementor-top-section elementor-element elementor-element-878c1b8 elementor-section-boxed elementor-section-height-default elementor-section-height-default\" data-eae-slider=\"26076\" data-id=\"878c1b8\" data-element_type=\"section\">\n\t\t\t\t\t\t<div class=\"elementor-container elementor-column-gap-default\">\n\t\t\t\t\t<div class=\"has_eae_slider elementor-column elementor-col-100 elementor-top-column elementor-element elementor-element-8de61b6\" data-eae-slider=\"27458\" data-id=\"8de61b6\" data-element_type=\"column\">\n\t\t\t<div class=\"elementor-widget-wrap elementor-element-populated\">\n\t\t\t\t\t\t<section class=\"has_eae_slider elementor-section elementor-inner-section elementor-element elementor-element-f62ce1f elementor-section-boxed elementor-section-height-default elementor-section-height-default\" data-eae-slider=\"11947\" data-id=\"f62ce1f\" data-element_type=\"section\">\n\t\t\t\t\t\t<div class=\"elementor-container elementor-column-gap-default\">\n\t\t\t\t\t<div class=\"has_eae_slider elementor-column elementor-col-100 elementor-inner-column elementor-element elementor-element-a86093a\" data-eae-slider=\"55037\" data-id=\"a86093a\" data-element_type=\"column\">\n\t\t\t<div class=\"elementor-widget-wrap elementor-element-populated\">\n\t\t\t\t\t\t<div class=\"elementor-element elementor-element-c3d86b3 elementor-widget elementor-widget-heading\" data-id=\"c3d86b3\" data-element_type=\"widget\" data-widget_type=\"heading.default\">\n\t\t\t\t<div class=\"elementor-widget-container\">\n\t\t\t\t\t<h6 class=\"elementor-heading-title elementor-size-default\">Our Services<\/h6>\t\t\t\t<\/div>\n\t\t\t\t<\/div>\n\t\t\t\t<div class=\"elementor-element elementor-element-3c657ea elementor-widget elementor-widget-heading\" data-id=\"3c657ea\" data-element_type=\"widget\" data-widget_type=\"heading.default\">\n\t\t\t\t<div class=\"elementor-widget-container\">\n\t\t\t\t\t<h2 class=\"elementor-heading-title elementor-size-default\">Our Popular Cyber <br>Security Solutions<\/h2>\t\t\t\t<\/div>\n\t\t\t\t<\/div>\n\t\t\t\t\t<\/div>\n\t\t<\/div>\n\t\t\t\t\t<\/div>\n\t\t<\/section>\n\t\t\t\t<section class=\"has_eae_slider elementor-section elementor-inner-section elementor-element elementor-element-4bffd16 elementor-section-boxed elementor-section-height-default elementor-section-height-default\" data-eae-slider=\"12362\" data-id=\"4bffd16\" data-element_type=\"section\">\n\t\t\t\t\t\t<div class=\"elementor-container elementor-column-gap-default\">\n\t\t\t\t\t<div class=\"has_eae_slider elementor-column elementor-col-100 elementor-inner-column elementor-element elementor-element-055ca0e\" data-eae-slider=\"12912\" data-id=\"055ca0e\" data-element_type=\"column\">\n\t\t\t<div class=\"elementor-widget-wrap elementor-element-populated\">\n\t\t\t\t\t\t<div class=\"elementor-element elementor-element-78f4fa6 elementor-widget elementor-widget-shortcode\" data-id=\"78f4fa6\" data-element_type=\"widget\" data-widget_type=\"shortcode.default\">\n\t\t\t\t<div class=\"elementor-widget-container\">\n\t\t\t\t\t\t\t<div class=\"elementor-shortcode\">\n\n\n         \n                <div class=\"row\">\n                 \n\n            \n                <div class=\"col-md-4 mb-25\">\n                    <div class=\"ser-box\">\n      <div class=\"img-ser\">\n\t    <a href=\"https:\/\/loklab.pc-chirurg.de\/index.php\/service\/server-security\/\"><img decoding=\"async\" src=\"https:\/\/loklab.pc-chirurg.de\/wp-content\/uploads\/2024\/08\/istockphoto-1061858632-2048x2048-1.webp\" alt=\"\"><\/a>\n\t\t<span class=\"icon-ser\"><img decoding=\"async\" src=\"https:\/\/loklab.pc-chirurg.de\/wp-content\/uploads\/2023\/08\/roof-white.svg\" alt=\"\"\/><\/span>\n\t  <\/div>\n\t   <div class=\"cont-ser\">\n\t    <h3><a href=\"https:\/\/loklab.pc-chirurg.de\/index.php\/service\/server-security\/\">Dachfl\u00e4chenwartung<\/a><\/h3>\n\t\t<p>Die regelm\u00e4\u00dfige Dachwartung ist essenziell, um die Langlebigkeit und Sicherheit Ihrer Immobilie zu gew\u00e4hrleisten.<br \/>\nDie ARGUS Maintenance GmbH bietet umfassende Wartungsdienstleistungen f\u00fcr D\u00e4cher aller Art.<br \/>\nUnser Service umfasst die Inspektion und Reinigung von Dachrinnen und Fallrohren, die \u00dcberpr\u00fcfung auf Sch\u00e4den oder<br \/>\nUndichtigkeiten sowie die Kontrolle von Dachziegeln und -abdichtungen.<br \/>\nDie Dachwartung von Flachd\u00e4chern, egal ob Folien- oder Bitumenschweissbahnen geh\u00f6rt ebenfalls zu unserem Leistungsumfang.<br \/>\nDurch eine fr\u00fchzeitige Erkennung und Behebung von Problemen k\u00f6nnen kostspielige Reparaturen vermieden werden.<br \/>\nUnsere Fachkr\u00e4fte verf\u00fcgen \u00fcber das notwendige Know-how und die Ausr\u00fcstung, um auch schwer zug\u00e4ngliche Stellen sicher zu erreichen und zu warten.<br \/>\nVertrauen Sie auf unsere Expertise, um Ihr Dach in optimalem Zustand zu halten und somit den Wert und die Sicherheit Ihrer Immobilie langfristig zu sichern.<\/p>\n\t\t<a href=\"https:\/\/loklab.pc-chirurg.de\/index.php\/service\/server-security\/\" class=\"btn-read\">Read More<\/a>\n\t  <\/div>\n   <\/div>\n <\/div>\n                     \n\t\t\t\t\t\n\n            \n                <div class=\"col-md-4 mb-25\">\n                    <div class=\"ser-box\">\n      <div class=\"img-ser\">\n\t    <a href=\"https:\/\/loklab.pc-chirurg.de\/index.php\/service\/code-inspection\/\"><img decoding=\"async\" src=\"https:\/\/loklab.pc-chirurg.de\/wp-content\/uploads\/2023\/08\/ser-2-1.png\" alt=\"\"><\/a>\n\t\t<span class=\"icon-ser\"><img decoding=\"async\" src=\"https:\/\/loklab.pc-chirurg.de\/wp-content\/uploads\/2023\/10\/haus-hand33.svg\" alt=\"\"\/><\/span>\n\t  <\/div>\n\t   <div class=\"cont-ser\">\n\t    <h3><a href=\"https:\/\/loklab.pc-chirurg.de\/index.php\/service\/code-inspection\/\">Wartung von L\u00fcftungsanlagen<\/a><\/h3>\n\t\t<p>Die Wartung von L\u00fcftungsanlagen ist entscheidend f\u00fcr die Gew\u00e4hrleistung einer guten Raumluftqualit\u00e4t und eines effizienten Betriebs. Bei der ARGUS Maintenance GmbH bieten wir umfassende Wartungsdienstleistungen f\u00fcr L\u00fcftungsanlagen, die regelm\u00e4\u00dfige Inspektionen, Reinigungen und Funktionspr\u00fcfungen beinhalten. Unser erfahrenes Team sorgt daf\u00fcr, dass Ihre L\u00fcftungsanlagen frei von Staub, Schmutz und Verunreinigungen sind, was die Gesundheit der Bewohner und die Energieeffizienz erh\u00f6ht. Wir \u00fcberpr\u00fcfen zudem die mechanischen und elektrischen Komponenten der Anlage, um sicherzustellen, dass sie einwandfrei funktionieren. Durch regelm\u00e4\u00dfige Wartung vermeiden Sie Ausfallzeiten und verl\u00e4ngern die Lebensdauer Ihrer L\u00fcftungsanlagen. Vertrauen Sie auf unsere professionelle Wartung, um stets frische und saubere Luft in Ihren R\u00e4umen zu genie\u00dfen.<\/p>\n\t\t<a href=\"https:\/\/loklab.pc-chirurg.de\/index.php\/service\/code-inspection\/\" class=\"btn-read\">Read More<\/a>\n\t  <\/div>\n   <\/div>\n <\/div>\n                     \n\t\t\t\t\t\n\n            \n                <div class=\"col-md-4 mb-25\">\n                    <div class=\"ser-box\">\n      <div class=\"img-ser\">\n\t    <a href=\"https:\/\/loklab.pc-chirurg.de\/index.php\/service\/file-duplication\/\"><img decoding=\"async\" src=\"https:\/\/loklab.pc-chirurg.de\/wp-content\/uploads\/2023\/08\/ser-3-1.png\" alt=\"\"><\/a>\n\t\t<span class=\"icon-ser\"><img decoding=\"async\" src=\"https:\/\/loklab.pc-chirurg.de\/wp-content\/uploads\/2023\/10\/air-conditioning-air-conditioner-svgrepo-com-white.svg\" alt=\"\"\/><\/span>\n\t  <\/div>\n\t   <div class=\"cont-ser\">\n\t    <h3><a href=\"https:\/\/loklab.pc-chirurg.de\/index.php\/service\/file-duplication\/\">Wartung von K\u00e4lte- und Klimaanlagen<\/a><\/h3>\n\t\t<p>Eine regelm\u00e4\u00dfige Wartung von K\u00e4lte- und Klimaanlagen ist unverzichtbar, um deren Effizienz und Zuverl\u00e4ssigkeit zu gew\u00e4hrleisten. Die ARGUS Maintenance GmbH bietet spezialisierte Wartungsdienstleistungen f\u00fcr K\u00e4lte- und Klimaanlagen an, die Inspektion, Reinigung und Funktionspr\u00fcfung umfassen. Unsere Fachleute \u00fcberpr\u00fcfen die K\u00e4ltemittelst\u00e4nde, reinigen die Verdampfer und Kondensatoren und pr\u00fcfen die elektrischen Verbindungen, um eine optimale Leistung zu sichern. Durch pr\u00e4ventive Wartung werden potenzielle St\u00f6rungen fr\u00fchzeitig erkannt und behoben, was Ausfallzeiten minimiert und die Lebensdauer der Anlagen verl\u00e4ngert. Zudem tr\u00e4gt eine gut gewartete Anlage zur Energieeinsparung bei, was sowohl die Betriebskosten senkt als auch die Umwelt schont. Vertrauen Sie auf unsere Expertise, um Ihre K\u00e4lte- und Klimaanlagen in bestem Zustand zu halten.<\/p>\n\t\t<a href=\"https:\/\/loklab.pc-chirurg.de\/index.php\/service\/file-duplication\/\" class=\"btn-read\">Read More<\/a>\n\t  <\/div>\n   <\/div>\n <\/div>\n                     \n\t\t\t\t\t\n\n            \n                <div class=\"col-md-4 mb-25\">\n                    <div class=\"ser-box\">\n      <div class=\"img-ser\">\n\t    <a href=\"https:\/\/loklab.pc-chirurg.de\/index.php\/service\/cloud-security\/\"><img decoding=\"async\" src=\"https:\/\/loklab.pc-chirurg.de\/wp-content\/uploads\/2023\/08\/ser-4-1.png\" alt=\"\"><\/a>\n\t\t<span class=\"icon-ser\"><img decoding=\"async\" src=\"https:\/\/loklab.pc-chirurg.de\/wp-content\/uploads\/2023\/08\/sei-4.png\" alt=\"\"\/><\/span>\n\t  <\/div>\n\t   <div class=\"cont-ser\">\n\t    <h3><a href=\"https:\/\/loklab.pc-chirurg.de\/index.php\/service\/cloud-security\/\">Cloud Security<\/a><\/h3>\n\t\t<p>It is a long established fact that a reader will be distracted by the readable content of a page when looking at its layout.<\/p>\n\t\t<a href=\"https:\/\/loklab.pc-chirurg.de\/index.php\/service\/cloud-security\/\" class=\"btn-read\">Read More<\/a>\n\t  <\/div>\n   <\/div>\n <\/div>\n                     \n\t\t\t\t\t\n\n            \n                <div class=\"col-md-4 mb-25\">\n                    <div class=\"ser-box\">\n      <div class=\"img-ser\">\n\t    <a href=\"https:\/\/loklab.pc-chirurg.de\/index.php\/service\/security-training\/\"><img decoding=\"async\" src=\"https:\/\/loklab.pc-chirurg.de\/wp-content\/uploads\/2023\/08\/ser-5-1.png\" alt=\"\"><\/a>\n\t\t<span class=\"icon-ser\"><img decoding=\"async\" src=\"https:\/\/loklab.pc-chirurg.de\/wp-content\/uploads\/2023\/10\/house-hand-white.svg\" alt=\"\"\/><\/span>\n\t  <\/div>\n\t   <div class=\"cont-ser\">\n\t    <h3><a href=\"https:\/\/loklab.pc-chirurg.de\/index.php\/service\/security-training\/\">Hausmeisterdienste<\/a><\/h3>\n\t\t<p>Die ARGUS Maintenance GmbH bietet professionelle Hausmeisterdienste, die daf\u00fcr sorgen, dass Ihre Immobilie stets in bestem Zustand bleibt. Unser umfassender Service umfasst regelm\u00e4\u00dfige Kontrollen und Instandhaltungsarbeiten, um den reibungslosen Betrieb Ihrer Geb\u00e4ude zu gew\u00e4hrleisten. Dazu geh\u00f6ren Reparaturen, Reinigungsarbeiten, Wartung von technischen Anlagen und die Betreuung der gesamten Haustechnik. Unser erfahrenes Team steht Ihnen jederzeit zur Verf\u00fcgung, um schnell und effizient auf Notf\u00e4lle zu reagieren und kleinere Probleme zu beheben, bevor sie zu gr\u00f6\u00dferen Sch\u00e4den f\u00fchren. Dar\u00fcber hinaus k\u00fcmmern wir uns um die Koordination von Handwerkern und Dienstleistern, damit Sie sich voll und ganz auf Ihr Kerngesch\u00e4ft konzentrieren k\u00f6nnen. Vertrauen Sie auf unsere Zuverl\u00e4ssigkeit und Fachkompetenz, um Ihre Immobilie optimal zu betreuen.<\/p>\n\t\t<a href=\"https:\/\/loklab.pc-chirurg.de\/index.php\/service\/security-training\/\" class=\"btn-read\">Read More<\/a>\n\t  <\/div>\n   <\/div>\n <\/div>\n                     \n\t\t\t\t\t\n\n            \n                <div class=\"col-md-4 mb-25\">\n                    <div class=\"ser-box\">\n      <div class=\"img-ser\">\n\t    <a href=\"https:\/\/loklab.pc-chirurg.de\/index.php\/service\/security-assessment\/\"><img decoding=\"async\" src=\"https:\/\/loklab.pc-chirurg.de\/wp-content\/uploads\/2023\/10\/green.jpg\" alt=\"\"><\/a>\n\t\t<span class=\"icon-ser\"><img decoding=\"async\" src=\"https:\/\/loklab.pc-chirurg.de\/wp-content\/uploads\/2023\/10\/gardening-machinery-white.svg\" alt=\"\"\/><\/span>\n\t  <\/div>\n\t   <div class=\"cont-ser\">\n\t    <h3><a href=\"https:\/\/loklab.pc-chirurg.de\/index.php\/service\/security-assessment\/\">Gr\u00fcnfl\u00e4chenpflege<\/a><\/h3>\n\t\t<p class=\"mce_icon_openner\">\n<p>Eine gepflegte Gr\u00fcnfl\u00e4che tr\u00e4gt erheblich zum positiven Erscheinungsbild Ihrer Immobilie bei. Die ARGUS Maintenance GmbH bietet professionelle Gr\u00fcnfl\u00e4chenpflege, die auf die individuellen Bed\u00fcrfnisse Ihrer Au\u00dfenanlagen abgestimmt ist. Unser Service umfasst Rasenm\u00e4hen, Heckenschnitt, Baumpflege, Unkrautbek\u00e4mpfung und die Pflege von Blumenbeeten. Mit modernster Ausr\u00fcstung und einem erfahrenen Team sorgen wir daf\u00fcr, dass Ihre Gr\u00fcnfl\u00e4chen das ganze Jahr \u00fcber gesund und ansprechend bleiben. Regelm\u00e4\u00dfige Pflege und fachgerechte Ma\u00dfnahmen tragen nicht nur zur optischen Aufwertung bei, sondern auch zur Werterhaltung Ihrer Immobilie. Dar\u00fcber hinaus achten wir auf eine nachhaltige Pflege, die den \u00f6kologischen Aspekten gerecht wird. Vertrauen Sie auf unsere Expertise, um Ihre Gr\u00fcnanlagen in bestem Zustand zu halten und eine einladende Atmosph\u00e4re zu schaffen.<\/p>\n\t\t<a href=\"https:\/\/loklab.pc-chirurg.de\/index.php\/service\/security-assessment\/\" class=\"btn-read\">Read More<\/a>\n\t  <\/div>\n   <\/div>\n <\/div>\n                     \n\t\t\t\t\t\n<\/div>\n \n<\/div>\n\t\t\t\t\t\t<\/div>\n\t\t\t\t<\/div>\n\t\t\t\t\t<\/div>\n\t\t<\/div>\n\t\t\t\t\t<\/div>\n\t\t<\/section>\n\t\t\t\t\t<\/div>\n\t\t<\/div>\n\t\t\t\t\t<\/div>\n\t\t<\/section>\n\t\t\t\t<\/div>\n\t\t","protected":false},"excerpt":{"rendered":"<p>Services Home Services Our Services Our Popular Cyber Security Solutions<\/p>\n","protected":false},"author":1,"featured_media":0,"parent":0,"menu_order":0,"comment_status":"closed","ping_status":"closed","template":"elementor_header_footer","meta":{"_acf_changed":false,"footnotes":""},"class_list":["post-704","page","type-page","status-publish","hentry"],"acf":[],"_links":{"self":[{"href":"https:\/\/loklab.pc-chirurg.de\/index.php\/wp-json\/wp\/v2\/pages\/704","targetHints":{"allow":["GET"]}}],"collection":[{"href":"https:\/\/loklab.pc-chirurg.de\/index.php\/wp-json\/wp\/v2\/pages"}],"about":[{"href":"https:\/\/loklab.pc-chirurg.de\/index.php\/wp-json\/wp\/v2\/types\/page"}],"author":[{"embeddable":true,"href":"https:\/\/loklab.pc-chirurg.de\/index.php\/wp-json\/wp\/v2\/users\/1"}],"replies":[{"embeddable":true,"href":"https:\/\/loklab.pc-chirurg.de\/index.php\/wp-json\/wp\/v2\/comments?post=704"}],"version-history":[{"count":1,"href":"https:\/\/loklab.pc-chirurg.de\/index.php\/wp-json\/wp\/v2\/pages\/704\/revisions"}],"predecessor-version":[{"id":1472,"href":"https:\/\/loklab.pc-chirurg.de\/index.php\/wp-json\/wp\/v2\/pages\/704\/revisions\/1472"}],"wp:attachment":[{"href":"https:\/\/loklab.pc-chirurg.de\/index.php\/wp-json\/wp\/v2\/media?parent=704"}],"curies":[{"name":"wp","href":"https:\/\/api.w.org\/{rel}","templated":true}]}}